{"id":230,"date":"2023-01-08T20:57:32","date_gmt":"2023-01-08T19:57:32","guid":{"rendered":"http:\/\/juliefusina.com\/?page_id=230"},"modified":"2025-12-11T22:12:35","modified_gmt":"2025-12-11T21:12:35","slug":"about","status":"publish","type":"page","link":"https:\/\/juliefusina.com\/index.php\/about\/","title":{"rendered":"ABOUT"},"content":{"rendered":"[vc_row][vc_column][vc_empty_space height=\u00a0\u00bb80px\u00a0\u00bb][vc_column_text el_class=\u00a0\u00bbtext-center\u00a0\u00bb]Le produit existe. L\u2019imaginaire le vend.<\/p>\n<p>Je cr\u00e9e des univers visuels en m\u00ealant collage, illustration et \u00e9l\u00e9ments graphiques. Mon travail met en sc\u00e8ne vos produits \u00e0 travers des compositions sensibles, originales et imm\u00e9diatement reconnaissables.<\/p>\n<p>Objectif : offrir une esth\u00e9tique forte qui amplifie votre message et donne plus d\u2019impact \u00e0 vos collections, objets ou supports imprim\u00e9s.<\/p>\n<p>J\u2019accompagne les marques, studios cr\u00e9atifs et entrepreneurs qui veulent des visuels uniques pour leurs campagnes, leurs packagings, leurs objets \u00e9dit\u00e9s ou leurs motifs destin\u00e9s au textile.[\/vc_column_text][\/vc_column][\/vc_row][vc_row][vc_column][vc_empty_space height=\u00a0\u00bb50px\u00a0\u00bb][\/vc_column][\/vc_row][vc_row][vc_column][vc_single_image image=\u00a0\u00bb234&Prime; img_size=\u00a0\u00bbfull\u00a0\u00bb alignment=\u00a0\u00bbcenter\u00a0\u00bb][\/vc_column][\/vc_row]\n","protected":false},"excerpt":{"rendered":"<p>[vc_row][vc_column][vc_empty_space height=\u00a0\u00bb80px\u00a0\u00bb][vc_column_text el_class=\u00a0\u00bbtext-center\u00a0\u00bb]Le produit existe. L\u2019imaginaire le vend. Je cr\u00e9e des univers visuels en m\u00ealant collage, illustration et \u00e9l\u00e9ments graphiques. Mon travail met en sc\u00e8ne vos produits \u00e0 travers des compositions sensibles, originales et imm\u00e9diatement reconnaissables. Objectif : offrir une esth\u00e9tique forte qui amplifie votre message et donne plus d\u2019impact \u00e0 vos collections, objets ou&hellip;<\/p>\n","protected":false},"author":1,"featured_media":0,"parent":0,"menu_order":0,"comment_status":"closed","ping_status":"closed","template":"","meta":{"footnotes":""},"class_list":["post-230","page","type-page","status-publish","hentry"],"_links":{"self":[{"href":"https:\/\/juliefusina.com\/index.php\/wp-json\/wp\/v2\/pages\/230","targetHints":{"allow":["GET"]}}],"collection":[{"href":"https:\/\/juliefusina.com\/index.php\/wp-json\/wp\/v2\/pages"}],"about":[{"href":"https:\/\/juliefusina.com\/index.php\/wp-json\/wp\/v2\/types\/page"}],"author":[{"embeddable":true,"href":"https:\/\/juliefusina.com\/index.php\/wp-json\/wp\/v2\/users\/1"}],"replies":[{"embeddable":true,"href":"https:\/\/juliefusina.com\/index.php\/wp-json\/wp\/v2\/comments?post=230"}],"version-history":[{"count":18,"href":"https:\/\/juliefusina.com\/index.php\/wp-json\/wp\/v2\/pages\/230\/revisions"}],"predecessor-version":[{"id":536,"href":"https:\/\/juliefusina.com\/index.php\/wp-json\/wp\/v2\/pages\/230\/revisions\/536"}],"wp:attachment":[{"href":"https:\/\/juliefusina.com\/index.php\/wp-json\/wp\/v2\/media?parent=230"}],"curies":[{"name":"wp","href":"https:\/\/api.w.org\/{rel}","templated":true}]}}