{"id":251,"date":"2023-01-08T21:32:09","date_gmt":"2023-01-08T20:32:09","guid":{"rendered":"http:\/\/juliefusina.com\/?page_id=251"},"modified":"2026-04-07T15:53:15","modified_gmt":"2026-04-07T13:53:15","slug":"contact","status":"publish","type":"page","link":"https:\/\/juliefusina.com\/index.php\/contact\/","title":{"rendered":"CONTACT"},"content":{"rendered":"[vc_row thb_full_width=\u00a0\u00bbtrue\u00a0\u00bb css=\u00a0\u00bb.vc_custom_1765915940353{margin-top: 80px !important;background-color: #ffffff !important;}\u00a0\u00bb][vc_column width=\u00a0\u00bb1\/5&Prime;][\/vc_column][vc_column width=\u00a0\u00bb1\/4&Prime;][vc_custom_heading text=\u00a0\u00bbCOLLAGE &amp; ILLUSTRATIONS\u00a0\u00bb font_container=\u00a0\u00bbtag:h2|text_align:left|color:%23fe5d77&Prime; google_fonts=\u00a0\u00bbfont_family:Anton%3Aregular|font_style:400%20regular%3A400%3Anormal\u00a0\u00bb][vc_column_text]\n<p style=\"text-align: left;\">&#8211; Pour les marques qui cherchent des visuels singuliers, conceptuels et identitaires, capables d\u2019incarner une vision plut\u00f4t que de simplement l\u2019illustrer.<\/p>\n[\/vc_column_text][vc_empty_space][vc_custom_heading text=\u00a0\u00bbMOTION DESIGN\u00a0\u00bb font_container=\u00a0\u00bbtag:h2|text_align:left|color:%23fe5d77&Prime; google_fonts=\u00a0\u00bbfont_family:Anton%3Aregular|font_style:400%20regular%3A400%3Anormal\u00a0\u00bb][vc_column_text]- Pour les marques qui veulent aller plus loin et cr\u00e9er une exp\u00e9rience plus immersive, en portant leur storytelling \u00e0 un niveau sup\u00e9rieur et de pousser l\u2019aura d\u2019un produit bien au-del\u00e0 de l\u2019image fixe.[\/vc_column_text][vc_empty_space][vc_custom_heading text=\u00a0\u00bbTEXTILES DESIGN\u00a0\u00bb font_container=\u00a0\u00bbtag:h2|text_align:left|color:%23fe5d77&Prime; google_fonts=\u00a0\u00bbfont_family:Anton%3Aregular|font_style:400%20regular%3A400%3Anormal\u00a0\u00bb][vc_column_text]- Pour les marques qui cherchent \u00e0 affirmer un style distinct, enrichir leur univers par la mati\u00e8re et transformer un simple motif en v\u00e9ritable signature visuelle capable de porter l\u2019identit\u00e9 du produit ou d\u2019un lieu.[\/vc_column_text][\/vc_column][vc_column width=\u00a0\u00bb1\/2&Prime;]\n<div class=\"wpcf7 no-js\" id=\"wpcf7-f909-o1\" lang=\"fr-FR\" dir=\"ltr\" data-wpcf7-id=\"909\">\n<div class=\"screen-reader-response\"><p role=\"status\" aria-live=\"polite\" aria-atomic=\"true\"><\/p> <ul><\/ul><\/div>\n<form action=\"\/index.php\/wp-json\/wp\/v2\/pages\/251#wpcf7-f909-o1\" method=\"post\" class=\"wpcf7-form init\" aria-label=\"Formulaire de contact\" enctype=\"multipart\/form-data\" novalidate=\"novalidate\" data-status=\"init\">\n<fieldset class=\"hidden-fields-container\"><input type=\"hidden\" name=\"_wpcf7\" value=\"909\" \/><input type=\"hidden\" name=\"_wpcf7_version\" value=\"6.1.4\" \/><input type=\"hidden\" name=\"_wpcf7_locale\" value=\"fr_FR\" \/><input type=\"hidden\" name=\"_wpcf7_unit_tag\" value=\"wpcf7-f909-o1\" \/><input type=\"hidden\" name=\"_wpcf7_container_post\" value=\"0\" \/><input type=\"hidden\" name=\"_wpcf7_posted_data_hash\" value=\"\" \/>\n<\/fieldset>\n<p><label> Votre nom (obligatoire)<br \/>\n<span class=\"wpcf7-form-control-wrap\" data-name=\"your-name\"><input size=\"40\" maxlength=\"400\" class=\"wpcf7-form-control wpcf7-text wpcf7-validates-as-required\" autocomplete=\"name\" aria-required=\"true\" aria-invalid=\"false\" value=\"\" type=\"text\" name=\"your-name\" \/><\/span> <\/label>\n<\/p>\n<p><label> Nom de l'entreprise<br \/>\n<span class=\"wpcf7-form-control-wrap\" data-name=\"your-name\"><input size=\"40\" maxlength=\"400\" class=\"wpcf7-form-control wpcf7-text wpcf7-validates-as-required\" autocomplete=\"name\" aria-required=\"true\" aria-invalid=\"false\" value=\"\" type=\"text\" name=\"your-name\" \/><\/span> <\/label>\n<\/p>\n<p><label> Votre e-mail (obligatoire)<br \/>\n<span class=\"wpcf7-form-control-wrap\" data-name=\"your-email\"><input size=\"40\" maxlength=\"400\" class=\"wpcf7-form-control wpcf7-email wpcf7-validates-as-required wpcf7-text wpcf7-validates-as-email\" autocomplete=\"email\" aria-required=\"true\" aria-invalid=\"false\" value=\"\" type=\"email\" name=\"your-email\" \/><\/span> <\/label>\n<\/p>\n<p><label> Site web<br \/>\n<span class=\"wpcf7-form-control-wrap\" data-name=\"your-subject\"><input size=\"40\" maxlength=\"400\" class=\"wpcf7-form-control wpcf7-text wpcf7-validates-as-required\" aria-required=\"true\" aria-invalid=\"false\" value=\"\" type=\"text\" name=\"your-subject\" \/><\/span> <\/label>\n<\/p>\n<p><label> Instagram<br \/>\n<span class=\"wpcf7-form-control-wrap\" data-name=\"your-subject\"><input size=\"40\" maxlength=\"400\" class=\"wpcf7-form-control wpcf7-text wpcf7-validates-as-required\" aria-required=\"true\" aria-invalid=\"false\" value=\"\" type=\"text\" name=\"your-subject\" \/><\/span> <\/label>\n<\/p>\n<p><label> Objet (obligatoire)<br \/>\n<span class=\"wpcf7-form-control-wrap\" data-name=\"your-subject\"><input size=\"40\" maxlength=\"400\" class=\"wpcf7-form-control wpcf7-text wpcf7-validates-as-required\" aria-required=\"true\" aria-invalid=\"false\" value=\"\" type=\"text\" name=\"your-subject\" \/><\/span> <\/label>\n<\/p>\n<p><label> Votre message (obligatoire)<br \/>\n<span class=\"wpcf7-form-control-wrap\" data-name=\"your-message\"><textarea cols=\"40\" rows=\"10\" maxlength=\"2000\" class=\"wpcf7-form-control wpcf7-textarea\" aria-invalid=\"false\" name=\"your-message\"><\/textarea><\/span> <\/label>\n<\/p>\n<p><label> Partager un fichier<br \/>\n<span class=\"wpcf7-form-control-wrap\" data-name=\"file-816\"><input size=\"40\" class=\"wpcf7-form-control wpcf7-file\" accept=\"audio\/*,video\/*,image\/*\" aria-invalid=\"false\" type=\"file\" name=\"file-816\" \/><\/span> <\/label>\n<\/p>\n<p><input class=\"wpcf7-form-control wpcf7-submit has-spinner\" type=\"submit\" value=\"Envoyer\" \/>\n<\/p><div class=\"wpcf7-response-output\" aria-hidden=\"true\"><\/div>\n<\/form>\n<\/div>\n[\/vc_column][\/vc_row]\n","protected":false},"excerpt":{"rendered":"<p>[vc_row thb_full_width=\u00a0\u00bbtrue\u00a0\u00bb css=\u00a0\u00bb.vc_custom_1765915940353{margin-top: 80px !important;background-color: #ffffff !important;}\u00a0\u00bb][vc_column width=\u00a0\u00bb1\/5&Prime;][\/vc_column][vc_column width=\u00a0\u00bb1\/4&Prime;][vc_custom_heading text=\u00a0\u00bbCOLLAGE &amp; ILLUSTRATIONS\u00a0\u00bb font_container=\u00a0\u00bbtag:h2|text_align:left|color:%23fe5d77&Prime; google_fonts=\u00a0\u00bbfont_family:Anton%3Aregular|font_style:400%20regular%3A400%3Anormal\u00a0\u00bb][vc_column_text] &#8211; Pour les marques qui cherchent des visuels singuliers, conceptuels et identitaires, capables d\u2019incarner une vision plut\u00f4t que de simplement l\u2019illustrer. [\/vc_column_text][vc_empty_space][vc_custom_heading text=\u00a0\u00bbMOTION DESIGN\u00a0\u00bb font_container=\u00a0\u00bbtag:h2|text_align:left|color:%23fe5d77&Prime; google_fonts=\u00a0\u00bbfont_family:Anton%3Aregular|font_style:400%20regular%3A400%3Anormal\u00a0\u00bb][vc_column_text]- Pour les marques qui veulent aller plus loin et cr\u00e9er une exp\u00e9rience plus immersive, en&hellip;<\/p>\n","protected":false},"author":1,"featured_media":0,"parent":0,"menu_order":0,"comment_status":"closed","ping_status":"closed","template":"","meta":{"footnotes":""},"class_list":["post-251","page","type-page","status-publish","hentry"],"_links":{"self":[{"href":"https:\/\/juliefusina.com\/index.php\/wp-json\/wp\/v2\/pages\/251","targetHints":{"allow":["GET"]}}],"collection":[{"href":"https:\/\/juliefusina.com\/index.php\/wp-json\/wp\/v2\/pages"}],"about":[{"href":"https:\/\/juliefusina.com\/index.php\/wp-json\/wp\/v2\/types\/page"}],"author":[{"embeddable":true,"href":"https:\/\/juliefusina.com\/index.php\/wp-json\/wp\/v2\/users\/1"}],"replies":[{"embeddable":true,"href":"https:\/\/juliefusina.com\/index.php\/wp-json\/wp\/v2\/comments?post=251"}],"version-history":[{"count":26,"href":"https:\/\/juliefusina.com\/index.php\/wp-json\/wp\/v2\/pages\/251\/revisions"}],"predecessor-version":[{"id":910,"href":"https:\/\/juliefusina.com\/index.php\/wp-json\/wp\/v2\/pages\/251\/revisions\/910"}],"wp:attachment":[{"href":"https:\/\/juliefusina.com\/index.php\/wp-json\/wp\/v2\/media?parent=251"}],"curies":[{"name":"wp","href":"https:\/\/api.w.org\/{rel}","templated":true}]}}